{"id":2243,"date":"2025-10-03T11:27:19","date_gmt":"2025-10-03T10:27:19","guid":{"rendered":"http:\/\/fedaserver.ddns.net\/achimistcool\/?page_id=2243"},"modified":"2025-11-21T14:15:41","modified_gmt":"2025-11-21T14:15:41","slug":"privacypolicy","status":"publish","type":"page","link":"https:\/\/www.embinova.at\/at\/privacypolicy\/","title":{"rendered":"Datenschutzerkl\u00e4rung"},"content":{"rendered":"<div data-elementor-type=\"wp-page\" data-elementor-id=\"2243\" class=\"elementor elementor-2243\">\n\t\t\t\t<div class=\"elementor-element elementor-element-7eb0977 e-flex e-con-boxed e-con e-parent\" data-id=\"7eb0977\" data-element_type=\"container\" data-e-type=\"container\" data-settings=\"{&quot;background_background&quot;:&quot;classic&quot;}\">\n\t\t\t\t\t<div class=\"e-con-inner\">\n\t\t<div class=\"elementor-element elementor-element-91b8970 e-con-full fit-to-size e-flex e-con e-child\" data-id=\"91b8970\" data-element_type=\"container\" data-e-type=\"container\">\n\t\t\t\t<div class=\"elementor-element elementor-element-5d6764c elementor-widget-divider--view-line elementor-widget elementor-widget-divider\" data-id=\"5d6764c\" data-element_type=\"widget\" data-e-type=\"widget\" data-widget_type=\"divider.default\">\n\t\t\t\t<div class=\"elementor-widget-container\">\n\t\t\t\t\t\t\t<div class=\"elementor-divider\">\n\t\t\t<span class=\"elementor-divider-separator\">\n\t\t\t\t\t\t<\/span>\n\t\t<\/div>\n\t\t\t\t\t\t<\/div>\n\t\t\t\t<\/div>\n\t\t\t\t<div class=\"elementor-element elementor-element-f9ce362 elementor-widget elementor-widget-heading\" data-id=\"f9ce362\" data-element_type=\"widget\" data-e-type=\"widget\" data-widget_type=\"heading.default\">\n\t\t\t\t<div class=\"elementor-widget-container\">\n\t\t\t\t\t<h1 class=\"elementor-heading-title elementor-size-default\">Datenschutzerkl\u00e4rung<\/h1>\t\t\t\t<\/div>\n\t\t\t\t<\/div>\n\t\t\t\t<\/div>\n\t\t\t\t\t<\/div>\n\t\t\t\t<\/div>\n\t\t<div class=\"elementor-element elementor-element-99ac309 e-flex e-con-boxed e-con e-parent\" data-id=\"99ac309\" data-element_type=\"container\" data-e-type=\"container\">\n\t\t\t\t\t<div class=\"e-con-inner\">\n\t\t\t\t<div class=\"elementor-element elementor-element-fd4adad elementor-widget elementor-widget-text-editor\" data-id=\"fd4adad\" data-element_type=\"widget\" data-e-type=\"widget\" data-widget_type=\"text-editor.default\">\n\t\t\t\t<div class=\"elementor-widget-container\">\n\t\t\t\t\t\t\t\t\t<p><strong>Einleitung:<\/strong><\/p><p>Wir legen gro\u00dfen Wert auf den Schutz personenbezogener Daten und verarbeiten diese \nausschlie\u00dflich im Einklang mit der Datenschutz-Grundverordnung (DSGVO) sowie den \nnationalen Datenschutzbestimmungen. Diese Datenschutzerkl\u00e4rung erl\u00e4utert \nverst\u00e4ndlich, welche Daten wir auf unserer Website und im Rahmen unserer \nGesch\u00e4ftst\u00e4tigkeit verarbeiten, zu welchen Zwecken dies erfolgt und welche Rechte \nIhnen zustehen.<\/p><p><strong>Verantwortlicher:<\/strong><\/p><ul><li>DI David Martin<\/li><li>Email: <a href=\"mailto:office@embinova.at\"><strong>office@embinova.at<\/strong><\/a><\/li><li>Der Verantwortliche ist f\u00fcr s\u00e4mtliche Datenverarbeitungen verantwortlich, die \u00fcber \ndiese Website oder in Zusammenhang mit unseren Dienstleistungen erfolgen.<\/li><\/ul><p><strong>Anwendungsbereich<\/strong><\/p><p>Diese Datenschutzerkl\u00e4rung gilt f\u00fcr:<\/p><ul><li>die technische Bereitstellung (Hosting, Sicherheit, CMS)<\/li><li>Online-Formulare und Kommunikation<\/li><li>eingesetzte Tools und eingebundene Dienste (z. B. Cloudflare, Google)<\/li><li>Social-Media-Auftritte<\/li><li>Datenverarbeitungen durch Auftragsverarbeiter in unserem Auftrag<\/li><\/ul><p>Sie umfasst s\u00e4mtliche personenbezogenen Daten, die \u00fcber unsere Webangebote \nerhoben oder im Rahmen unserer Gesch\u00e4ftsprozesse verarbeitet werden.<\/p><p><strong>Rechtsgrundlagen der Datenverarbeitung<\/strong><\/p><p>Wir verarbeiten personenbezogene Daten nur, wenn eine gesetzliche Grundlage gem\u00e4\u00df \nArt. 6 DSGVO vorliegt:<\/p><ul><li><strong>Einwilligung (Art. 6 Abs. 1 lit. a DSGVO):<\/strong> z. B. f\u00fcr nicht essentielle Cookies oder \nAnalyse-Tools.<\/li><li><strong>Vertrag \/ vorvertragliche Ma\u00dfnahmen (Art. 6 Abs. 1 lit. b DSGVO):<\/strong> z. B. bei \nKontaktanfragen oder Gesch\u00e4ftsbeziehungen.<\/li><li><strong>Rechtliche Verpflichtung (Art. 6 Abs. 1 lit. c DSGVO):<\/strong> Aufbewahrungspflichten, \nDokumentation.<\/li><li><strong>Berechtigtes Interesse (Art. 6 Abs. 1 lit. f DSGVO):<\/strong> Sicherheit, technischer \nBetrieb, wirtschaftlicher Betrieb und Optimierung unserer Website.<\/li><\/ul><p><strong>Speicherdauer<\/strong><\/p><p>Wir speichern personenbezogene Daten nur so lange, wie dies f\u00fcr den jeweiligen Zweck \nerforderlich ist oder gesetzliche Aufbewahrungsfristen bestehen. \nWenn der Zweck wegf\u00e4llt oder eine Einwilligung widerrufen wird, l\u00f6schen wir Daten \nunverz\u00fcglich, sofern keine gesetzlichen Pflichten entgegenstehen.<\/p><p><strong>Ihre Rechte<\/strong><\/p><p>Sie haben folgende Rechte gem\u00e4\u00df DSGVO:<\/p><ul><li>Auskunft \u00fcber gespeicherte Daten<\/li><li>Berichtigung unrichtiger Daten<\/li><li>L\u00f6schung (\u201eRecht auf Vergessenwerden\u201c)<\/li><li>Einschr\u00e4nkung der Verarbeitung<\/li><li>Daten\u00fcbertragbarkeit<\/li><li>Widerspruch gegen Datenverarbeitung (insbesondere gegen Verarbeitung \naufgrund berechtigter Interessen)<\/li><li>Widerruf erteilter Einwilligungen<\/li><li>Beschwerde bei einer Aufsichtsbeh\u00f6rde<\/li><\/ul><p>Zust\u00e4ndig in \u00d6sterreich: <strong>\u00d6sterreichische Datenschutzbeh\u00f6rde, Barichgasse 40\u201342, 1030 Wien.<\/strong>.<\/p><p><strong> Daten\u00fcbermittlung in Drittl\u00e4nder<\/strong><\/p><p>Eine \u00dcbermittlung personenbezogener Daten in L\u00e4nder au\u00dferhalb der EU bzw. des EWR \nerfolgt nur:<\/p><ul><li>wenn ein Angemessenheitsbeschluss (z. B. EU-US Data Privacy Framework) \nbesteht,<\/li><li>wenn Standardvertragsklauseln eingesetzt werden,<\/li><li>oder wenn Sie ausdr\u00fccklich eingewilligt haben.<\/li><\/ul><p>Wir achten darauf, nur Dienstleister einzubinden, die ein angemessenes \nDatenschutzniveau gew\u00e4hrleisten.<\/p><p><b>Kommunikation<\/b><\/p><p><span style=\"font-family: inherit; font-size: inherit; font-style: inherit; font-variant-ligatures: inherit; font-variant-caps: inherit; font-weight: inherit;\">Wenn Sie uns kontaktieren, verarbeiten wir die von Ihnen bereitgestellten Daten \nausschlie\u00dflich zur Bearbeitung Ihres Anliegens.\u00a0<\/span><span style=\"font-family: inherit; font-size: inherit; font-style: inherit; font-variant-ligatures: inherit; font-variant-caps: inherit; font-weight: inherit;\">Verarbeitete Daten k\u00f6nnen sein:<\/span><\/p><ul><li>Name<\/li><li>E-Mail-Adresse<\/li><li>Telefonnummer<\/li><li>Inhalte Ihrer Nachricht<\/li><\/ul><p>Rechtsgrundlagen: <strong>Art. 6 Abs. 1 lit. a, b, f DSGVO.<\/strong>Daten werden gel\u00f6scht, sobald der Vorgang abgeschlossen ist und keine gesetzlichen \nAufbewahrungspflichten bestehen.<\/p><p><strong>Auftragsverarbeitung (AVV)<\/strong><\/p><p>Wir arbeiten mit Dienstleistern zusammen, die in unserem Auftrag personenbezogene \nDaten verarbeiten (z. B. Hosting, Sicherheitsdienste, Analytics). Diese Auftragsverarbeiter sind vertraglich verpflichtet:<\/p><ul><li>Daten ausschlie\u00dflich auf unsere Weisung zu verarbeiten<\/li><li>geeignete technische und organisatorische Ma\u00dfnahmen zum Schutz der Daten \nzu treffen<\/li><li>Subunternehmer nur mit Genehmigung einzusetzen<\/li><\/ul><p><strong>Cookies &amp; Consent Management<\/strong><\/p><p>Unsere Website verwendet Cookies:<\/p><ul><li><strong>technisch notwendige Cookies<\/strong> (f\u00fcr Betrieb, Sicherheit, Grundfunktionen)<\/li><li><strong>optionale Cookies<\/strong> (z. B. Analytics), die nur mit Ihrer Einwilligung gesetzt werden<\/li><\/ul><p>Sie k\u00f6nnen die Cookie-Einstellungen jederzeit \u00fcber das Consent-Banner \u00e4ndern oder \nwiderrufen.<\/p><p>Rechtsgrundlagen:<\/p><ul><li><strong>Art. 6 Abs. 1 lit. f DSGVO.<\/strong> (notwendige Cookies)<\/li><li><strong>Art. 6 Abs. 1 lit. a DSGVO.<\/strong> (optional)<\/li><\/ul><p><strong>Webhosting<\/strong><\/p><p>Unsere Website wird bei <strong>World4You Internet Services GmbH gehosted.<\/strong>Dabei fallen automatisch Server-Logdaten an:<\/p><ul><li>IP-Adresse<\/li><li>Zeitpunkt des Zugriffs<\/li><li>aufgerufene Seiten<\/li><li>Browsertyp &amp; Betriebssystem<\/li><li>Referrer-URL<\/li><li>technische Protokolldaten<\/li><\/ul><p>Logfiles werden in der Regel 14 Tage gespeichert und dienen der Systemsicherheit. \nRechtsgrundlage: <strong>Art. 6 Abs. 1 lit. f DSGVO.<\/strong>.<\/p><p><strong>CMS &amp; Page Builder (WordPress &amp; Elementor)<\/strong><\/p><p>Unsere Website basiert auf <strong>WordPress<\/strong> und nutzt <strong>Elementor<\/strong> zur visuellen Gestaltung. \nDabei k\u00f6nnen technische Daten wie: Browserinformationen, Ger\u00e4teinformationen, Spracheinstellungen &amp; Nutzerinteraktionen (z. B. klickbare Elemente) verarbeitet werden, soweit dies zur Darstellung der Website erforderlich ist. Rechtsgrundlage: <strong>Art. 6 Abs. 1 lit. f DSGVO.<\/strong>.<\/p><p><strong>Sicherheit &amp; Anti-Spam (Cloudflare Turnstile)<\/strong><\/p><p>Wir verwenden <strong>Cloudflare Turnstile<\/strong> zur Abwehr von Bots und automatisierten \nAngriffen. Turnstile analysiert technische Parameter (z. B. Browser, IP-Adresse, \nGer\u00e4teinformationen), ohne Nutzertracking oder Captcha-Interaktionen. Zweck: Sicherheit, Funktionalit\u00e4t der Formulare. Rechtsgrundlage: <strong>Art. 6 Abs. 1 lit. f DSGVO.<\/strong><\/p><p><strong>Webanalyse (Google Analytics, sofern aktiviert)<\/strong><\/p><p>Falls Sie eingewilligt haben, nutzen wir <strong>Google Analytics 4<\/strong> zur statistischen Analyse der \nWebsite-Nutzung.\u00a0<span style=\"font-family: inherit; font-size: inherit; font-style: inherit; font-variant-ligatures: inherit; font-variant-caps: inherit; font-weight: inherit;\">Verarbeitete Daten k\u00f6nnen sein:<\/span><\/p><ul><li>Seitenaufrufe<\/li><li>Klickverhalten<\/li><li>Scrollverhalten<\/li><li>technische Ger\u00e4teinformationen<\/li><li>pseudonymisierte IDs<\/li><li>Standortdaten (nur grob, IP anonymisiert)<\/li><\/ul><p>Die IP-Adresse wird gem\u00e4\u00df Google-Standards anonymisiert. Speicherdauer der Nutzungsdaten: <strong>2\u201314 Monate (je nach Einstellung).<\/strong>Rechtsgrundlage: <strong>Art. 6 Abs. 1 lit. a DSGVO.\u00a0<\/strong><span style=\"font-family: inherit; font-size: inherit; font-style: inherit; font-variant-ligatures: inherit; font-variant-caps: inherit; font-weight: inherit;\">Sie k\u00f6nnen Ihre Einwilligung jederzeit widerrufen.<\/span><\/p><p><strong>Social Media (inkl. LinkedIn)<\/strong><\/p><p>Unsere Website enth\u00e4lt Links zu unseren Social-Media-Profilen, insbesondere \nLinkedIn.<\/p><p>Wichtig:<\/p><ul><li>Beim Besuch unserer Website werden keine Daten an LinkedIn \u00fcbermittelt.<\/li><li>Erst beim Anklicken eines externen Links findet eine Datenverarbeitung durch \nLinkedIn statt.<\/li><\/ul><p>Sie unterliegen dann den jeweiligen Datenschutzrichtlinien des Plattformbetreibers.<\/p><p><strong>Content Delivery &amp; Performance (Cloudflare CDN, sofern aktiv)<\/strong><\/p><p>Wenn Cloudflare als CDN genutzt wird, werden: IP-Adressen, Datenpakete, technische Websitedaten \n\u00fcber Cloudflare-Server \u00fcbertragen, um die Website schneller und sicherer auszuliefern. \nRechtsgrundlage: <strong>Art. 6 Abs. 1 lit. f DSGVO.<\/strong><\/p><p><strong>Erkl\u00e4rung wichtiger Begriffe<\/strong><\/p><p>Begriffe wie \u201ePersonenbezogene Daten\u201c, \u201eVerarbeitung\u201c, \u201eEinwilligung\u201c, \n\u201eVerantwortlicher\u201c, \u201eAuftragsverarbeiter\u201c usw. entsprechen den Definitionen der <strong>DSGVO (Art. 4)<\/strong>.<\/p><p><strong>Schlussbestimmungen<\/strong><\/p><p>Wir aktualisieren diese Datenschutzerkl\u00e4rung regelm\u00e4\u00dfig, sobald technische oder \ngesetzliche \u00c4nderungen dies erfordern.<\/p>\t\t\t\t\t\t\t\t<\/div>\n\t\t\t\t<\/div>\n\t\t\t\t\t<\/div>\n\t\t\t\t<\/div>\n\t\t\t\t<\/div>","protected":false},"excerpt":{"rendered":"<p>Privacy Policy Introduction: We place great importance on the protection of personal data and process such data exclusively in accordance with the General Data Protection Regulation (GDPR) and all applicable national data protection laws. This Privacy Policy explains, in clear and understandable terms, which personal data we process on our website and within the scope [&hellip;]<\/p>\n","protected":false},"author":3,"featured_media":0,"parent":0,"menu_order":0,"comment_status":"closed","ping_status":"closed","template":"","meta":{"footnotes":""},"class_list":["post-2243","page","type-page","status-publish","hentry"],"blocksy_meta":{"page_title_panel":"","has_hero_section":"disabled","e38715bb122191d12b00a4ff2f5acc0d":"","hero_section":"type-1","hero_elements":[{"id":"custom_title","enabled":true,"heading_tag":"h1","title":"Home"},{"id":"custom_description","enabled":true,"description_visibility":{"desktop":true,"tablet":true,"mobile":false}},{"id":"custom_meta","enabled":false,"meta_elements":[{"id":"author","enabled":true,"label":"By","has_author_avatar":"yes","avatar_size":25},{"id":"post_date","enabled":true,"label":"On","date_format_source":"default","date_format":"M j, Y"},{"id":"updated_date","enabled":false,"label":"On","date_format_source":"default","date_format":"M j, Y"},{"id":"categories","enabled":false,"label":"In","style":"simple"},{"id":"comments","enabled":true}],"page_meta_elements":{"joined":true,"articles_count":true,"comments":true}},{"id":"breadcrumbs","enabled":false}],"cdfdc69e127db85256160ecef73f61cf":"","hero_alignment1":"CT_CSS_SKIP_RULE","hero_margin":40,"hero_alignment2":"center","hero_vertical_alignment":"center","6fea0e66a2b5d6a4880c87191c0e3589":"","hero_structure":"narrow","caec56dac1f3124aba4f24b90c3f166d":"","page_title_bg_type":"featured_image","custom_hero_background":{"attachment_id":null},"page_title_image_size":"full","parallax":{"desktop":false,"tablet":false,"mobile":false},"07106ee7ed2e4852a96bbd1e7c3ca084":"","hero_height":"250px","pageTitleFont":{"family":"Default","variation":"Default","size":"30px","line-height":"CT_CSS_SKIP_RULE","letter-spacing":"CT_CSS_SKIP_RULE","text-transform":"CT_CSS_SKIP_RULE","text-decoration":"CT_CSS_SKIP_RULE"},"pageTitleFontColor":{"default":{"color":"CT_CSS_SKIP_RULEDEFAULT"}},"pageMetaFont":{"family":"Default","variation":"n6","size":"12px","line-height":"1.3","letter-spacing":"CT_CSS_SKIP_RULE","text-transform":"uppercase","text-decoration":"CT_CSS_SKIP_RULE"},"pageMetaFontColor":{"default":{"color":"CT_CSS_SKIP_RULEDEFAULT"},"hover":{"color":"CT_CSS_SKIP_RULEDEFAULT"}},"page_meta_button_type_font_colors":{"default":{"color":"CT_CSS_SKIP_RULEDEFAULT"},"hover":{"color":"CT_CSS_SKIP_RULEDEFAULT"}},"page_meta_button_type_background_colors":{"default":{"color":"CT_CSS_SKIP_RULEDEFAULT"},"hover":{"color":"CT_CSS_SKIP_RULEDEFAULT"}},"pageExcerptFont":{"family":"Default","variation":"Default","size":"CT_CSS_SKIP_RULE","line-height":"CT_CSS_SKIP_RULE","letter-spacing":"CT_CSS_SKIP_RULE","text-transform":"CT_CSS_SKIP_RULE","text-decoration":"CT_CSS_SKIP_RULE"},"pageExcerptColor":{"default":{"color":"CT_CSS_SKIP_RULEDEFAULT"}},"breadcrumbsFont":{"family":"Default","variation":"Default","size":"CT_CSS_SKIP_RULE","line-height":"CT_CSS_SKIP_RULE","letter-spacing":"CT_CSS_SKIP_RULE","text-transform":"CT_CSS_SKIP_RULE","text-decoration":"CT_CSS_SKIP_RULE"},"breadcrumbsFontColor":{"default":{"color":"CT_CSS_SKIP_RULEDEFAULT"},"initial":{"color":"CT_CSS_SKIP_RULEDEFAULT"},"hover":{"color":"CT_CSS_SKIP_RULEDEFAULT"}},"pageTitleOverlay":{"background_type":"color","background_pattern":"type-1","background_image":{"attachment_id":null,"x":0,"y":0},"gradient":"linear-gradient(135deg,rgba(6,147,227,1) 0%,rgb(155,81,224) 100%)","background_repeat":"repeat","background_size":"auto","background_attachment":"scroll","patternColor":{"default":{"color":"#e5e7ea"}},"overlayColor":{"default":{"color":"CT_CSS_SKIP_RULE"}},"backgroundColor":{"default":{"color":"CT_CSS_SKIP_RULE"}}},"pageTitleBackground":{"background_type":"color","background_pattern":"type-1","background_image":{"attachment_id":null,"x":0,"y":0},"gradient":"linear-gradient(135deg,rgba(6,147,227,1) 0%,rgb(155,81,224) 100%)","background_repeat":"repeat","background_size":"auto","background_attachment":"scroll","patternColor":{"default":{"color":"#e5e7ea"}},"overlayColor":{"default":{"color":"CT_CSS_SKIP_RULE"}},"backgroundColor":{"default":{"color":"var(--theme-palette-color-6)"}}},"pageTitlePadding":{"top":"50px","bottom":"50px","left":"auto","right":"auto","linked":true},"8731634cc32e95e0be09e75dbf703b3f":"","page_structure_type":"default","6ef7870ac163491031ebf652adea8358":"","content_style_source":"inherit","content_style":"wide","vertical_spacing_source":"custom","content_area_spacing":"none","background":{"background_type":"color","background_pattern":"type-1","background_image":{"attachment_id":null,"x":0,"y":0},"gradient":"linear-gradient(135deg,rgba(6,147,227,1) 0%,rgb(155,81,224) 100%)","background_repeat":"repeat","background_size":"auto","background_attachment":"scroll","patternColor":{"default":{"color":"#e5e7ea"}},"overlayColor":{"default":{"color":"CT_CSS_SKIP_RULE"}},"backgroundColor":{"default":{"color":"CT_CSS_SKIP_RULE"}}},"content_background":{"background_type":"color","background_pattern":"type-1","background_image":{"attachment_id":null,"x":0,"y":0},"gradient":"linear-gradient(135deg,rgba(6,147,227,1) 0%,rgb(155,81,224) 100%)","background_repeat":"repeat","background_size":"auto","background_attachment":"scroll","patternColor":{"default":{"color":"#e5e7ea"}},"overlayColor":{"default":{"color":"CT_CSS_SKIP_RULE"}},"backgroundColor":{"default":{"color":"var(--theme-palette-color-8)"}}},"content_boxed_shadow":{"inherit":false,"blur":18,"spread":-6,"v_offset":12,"h_offset":0,"inset":false,"enable":true,"color":{"color":"rgba(34, 56, 101, 0.04)"}},"content_boxed_border":{"width":1,"style":"none","color":{"color":"rgba(44,62,80,0.2)"}},"content_boxed_radius":{"top":"3px","bottom":"3px","left":"3px","right":"3px","linked":true},"boxed_content_spacing":{"desktop":{"top":"40px","bottom":"40px","left":"40px","right":"40px","linked":true},"tablet":{"top":"35px","bottom":"35px","left":"35px","right":"35px","linked":true},"mobile":{"top":"20px","bottom":"20px","left":"20px","right":"20px","linked":true}},"36b606f0b937718d397a640df4fa4b31":"","disable_featured_image":"no","disable_share_box":"no","disable_header":"no","disable_footer":"no","styles_descriptor":{"styles":{"desktop":"","tablet":"","mobile":""},"google_fonts":[],"version":6}},"yoast_head":"<!-- This site is optimized with the Yoast SEO plugin v27.3 - https:\/\/yoast.com\/product\/yoast-seo-wordpress\/ -->\n<title>Privacy Policy | embinova<\/title>\n<meta name=\"robots\" content=\"index, follow, max-snippet:-1, max-image-preview:large, max-video-preview:-1\" \/>\n<link rel=\"canonical\" href=\"https:\/\/www.embinova.at\/at\/privacypolicy\/\" \/>\n<meta property=\"og:locale\" content=\"de_DE\" \/>\n<meta property=\"og:type\" content=\"article\" \/>\n<meta property=\"og:title\" content=\"Privacy Policy | embinova\" \/>\n<meta property=\"og:description\" content=\"Privacy Policy Introduction: We place great importance on the protection of personal data and process such data exclusively in accordance with the General Data Protection Regulation (GDPR) and all applicable national data protection laws. This Privacy Policy explains, in clear and understandable terms, which personal data we process on our website and within the scope [&hellip;]\" \/>\n<meta property=\"og:url\" content=\"https:\/\/www.embinova.at\/at\/privacypolicy\/\" \/>\n<meta property=\"og:site_name\" content=\"embinova\" \/>\n<meta property=\"article:modified_time\" content=\"2025-11-21T14:15:41+00:00\" \/>\n<meta name=\"twitter:card\" content=\"summary_large_image\" \/>\n<meta name=\"twitter:label1\" content=\"Gesch\u00e4tzte Lesezeit\" \/>\n\t<meta name=\"twitter:data1\" content=\"4 Minuten\" \/>\n<script type=\"application\/ld+json\" class=\"yoast-schema-graph\">{\"@context\":\"https:\\\/\\\/schema.org\",\"@graph\":[{\"@type\":\"WebPage\",\"@id\":\"https:\\\/\\\/www.embinova.at\\\/privacypolicy\\\/\",\"url\":\"https:\\\/\\\/www.embinova.at\\\/privacypolicy\\\/\",\"name\":\"Privacy Policy | embinova\",\"isPartOf\":{\"@id\":\"https:\\\/\\\/www.embinova.at\\\/#website\"},\"datePublished\":\"2025-10-03T10:27:19+00:00\",\"dateModified\":\"2025-11-21T14:15:41+00:00\",\"breadcrumb\":{\"@id\":\"https:\\\/\\\/www.embinova.at\\\/privacypolicy\\\/#breadcrumb\"},\"inLanguage\":\"de-AT\",\"potentialAction\":[{\"@type\":\"ReadAction\",\"target\":[\"https:\\\/\\\/www.embinova.at\\\/privacypolicy\\\/\"]}]},{\"@type\":\"BreadcrumbList\",\"@id\":\"https:\\\/\\\/www.embinova.at\\\/privacypolicy\\\/#breadcrumb\",\"itemListElement\":[{\"@type\":\"ListItem\",\"position\":1,\"name\":\"Home\",\"item\":\"https:\\\/\\\/www.embinova.at\\\/\"},{\"@type\":\"ListItem\",\"position\":2,\"name\":\"Privacy Policy\"}]},{\"@type\":\"WebSite\",\"@id\":\"https:\\\/\\\/www.embinova.at\\\/#website\",\"url\":\"https:\\\/\\\/www.embinova.at\\\/\",\"name\":\"embinova\",\"description\":\"Embedded Engineering\",\"publisher\":{\"@id\":\"https:\\\/\\\/www.embinova.at\\\/#organization\"},\"potentialAction\":[{\"@type\":\"SearchAction\",\"target\":{\"@type\":\"EntryPoint\",\"urlTemplate\":\"https:\\\/\\\/www.embinova.at\\\/?s={search_term_string}\"},\"query-input\":{\"@type\":\"PropertyValueSpecification\",\"valueRequired\":true,\"valueName\":\"search_term_string\"}}],\"inLanguage\":\"de-AT\"},{\"@type\":\"Organization\",\"@id\":\"https:\\\/\\\/www.embinova.at\\\/#organization\",\"name\":\"embinova GmbH\",\"url\":\"https:\\\/\\\/www.embinova.at\\\/\",\"logo\":{\"@type\":\"ImageObject\",\"inLanguage\":\"de-AT\",\"@id\":\"https:\\\/\\\/www.embinova.at\\\/#\\\/schema\\\/logo\\\/image\\\/\",\"url\":\"https:\\\/\\\/www.embinova.at\\\/wp-content\\\/uploads\\\/2025\\\/09\\\/Embinova-logo-1.png\",\"contentUrl\":\"https:\\\/\\\/www.embinova.at\\\/wp-content\\\/uploads\\\/2025\\\/09\\\/Embinova-logo-1.png\",\"width\":500,\"height\":112,\"caption\":\"embinova GmbH\"},\"image\":{\"@id\":\"https:\\\/\\\/www.embinova.at\\\/#\\\/schema\\\/logo\\\/image\\\/\"},\"sameAs\":[\"https:\\\/\\\/www.linkedin.com\\\/company\\\/embinova\\\/\"]}]}<\/script>\n<!-- \/ Yoast SEO plugin. -->","yoast_head_json":{"title":"Privacy Policy | embinova","robots":{"index":"index","follow":"follow","max-snippet":"max-snippet:-1","max-image-preview":"max-image-preview:large","max-video-preview":"max-video-preview:-1"},"canonical":"https:\/\/www.embinova.at\/at\/privacypolicy\/","og_locale":"de_DE","og_type":"article","og_title":"Privacy Policy | embinova","og_description":"Privacy Policy Introduction: We place great importance on the protection of personal data and process such data exclusively in accordance with the General Data Protection Regulation (GDPR) and all applicable national data protection laws. This Privacy Policy explains, in clear and understandable terms, which personal data we process on our website and within the scope [&hellip;]","og_url":"https:\/\/www.embinova.at\/at\/privacypolicy\/","og_site_name":"embinova","article_modified_time":"2025-11-21T14:15:41+00:00","twitter_card":"summary_large_image","twitter_misc":{"Gesch\u00e4tzte Lesezeit":"4 Minuten"},"schema":{"@context":"https:\/\/schema.org","@graph":[{"@type":"WebPage","@id":"https:\/\/www.embinova.at\/privacypolicy\/","url":"https:\/\/www.embinova.at\/privacypolicy\/","name":"Privacy Policy | embinova","isPartOf":{"@id":"https:\/\/www.embinova.at\/#website"},"datePublished":"2025-10-03T10:27:19+00:00","dateModified":"2025-11-21T14:15:41+00:00","breadcrumb":{"@id":"https:\/\/www.embinova.at\/privacypolicy\/#breadcrumb"},"inLanguage":"de-AT","potentialAction":[{"@type":"ReadAction","target":["https:\/\/www.embinova.at\/privacypolicy\/"]}]},{"@type":"BreadcrumbList","@id":"https:\/\/www.embinova.at\/privacypolicy\/#breadcrumb","itemListElement":[{"@type":"ListItem","position":1,"name":"Home","item":"https:\/\/www.embinova.at\/"},{"@type":"ListItem","position":2,"name":"Privacy Policy"}]},{"@type":"WebSite","@id":"https:\/\/www.embinova.at\/#website","url":"https:\/\/www.embinova.at\/","name":"embinova","description":"Embedded Engineering","publisher":{"@id":"https:\/\/www.embinova.at\/#organization"},"potentialAction":[{"@type":"SearchAction","target":{"@type":"EntryPoint","urlTemplate":"https:\/\/www.embinova.at\/?s={search_term_string}"},"query-input":{"@type":"PropertyValueSpecification","valueRequired":true,"valueName":"search_term_string"}}],"inLanguage":"de-AT"},{"@type":"Organization","@id":"https:\/\/www.embinova.at\/#organization","name":"embinova GmbH","url":"https:\/\/www.embinova.at\/","logo":{"@type":"ImageObject","inLanguage":"de-AT","@id":"https:\/\/www.embinova.at\/#\/schema\/logo\/image\/","url":"https:\/\/www.embinova.at\/wp-content\/uploads\/2025\/09\/Embinova-logo-1.png","contentUrl":"https:\/\/www.embinova.at\/wp-content\/uploads\/2025\/09\/Embinova-logo-1.png","width":500,"height":112,"caption":"embinova GmbH"},"image":{"@id":"https:\/\/www.embinova.at\/#\/schema\/logo\/image\/"},"sameAs":["https:\/\/www.linkedin.com\/company\/embinova\/"]}]}},"_links":{"self":[{"href":"https:\/\/www.embinova.at\/at\/wp-json\/wp\/v2\/pages\/2243","targetHints":{"allow":["GET"]}}],"collection":[{"href":"https:\/\/www.embinova.at\/at\/wp-json\/wp\/v2\/pages"}],"about":[{"href":"https:\/\/www.embinova.at\/at\/wp-json\/wp\/v2\/types\/page"}],"author":[{"embeddable":true,"href":"https:\/\/www.embinova.at\/at\/wp-json\/wp\/v2\/users\/3"}],"replies":[{"embeddable":true,"href":"https:\/\/www.embinova.at\/at\/wp-json\/wp\/v2\/comments?post=2243"}],"version-history":[{"count":12,"href":"https:\/\/www.embinova.at\/at\/wp-json\/wp\/v2\/pages\/2243\/revisions"}],"predecessor-version":[{"id":4774,"href":"https:\/\/www.embinova.at\/at\/wp-json\/wp\/v2\/pages\/2243\/revisions\/4774"}],"wp:attachment":[{"href":"https:\/\/www.embinova.at\/at\/wp-json\/wp\/v2\/media?parent=2243"}],"curies":[{"name":"wp","href":"https:\/\/api.w.org\/{rel}","templated":true}]}}