{"id":793,"date":"2022-07-28T07:00:37","date_gmt":"2022-07-28T07:00:37","guid":{"rendered":"https:\/\/startersites.io\/elementor\/bizconsult\/?page_id=793"},"modified":"2025-12-18T13:36:43","modified_gmt":"2025-12-18T13:36:43","slug":"imprint","status":"publish","type":"page","link":"https:\/\/www.embinova.at\/at\/imprint\/","title":{"rendered":"Impressum"},"content":{"rendered":"<div data-elementor-type=\"wp-page\" data-elementor-id=\"793\" class=\"elementor elementor-793\">\n\t\t\t\t<div class=\"elementor-element elementor-element-7eb0977 e-flex e-con-boxed e-con e-parent\" data-id=\"7eb0977\" data-element_type=\"container\" data-e-type=\"container\" data-settings=\"{&quot;background_background&quot;:&quot;classic&quot;}\">\n\t\t\t\t\t<div class=\"e-con-inner\">\n\t\t<div class=\"elementor-element elementor-element-1272ed6 e-con-full fit-to-size e-flex e-con e-child\" data-id=\"1272ed6\" data-element_type=\"container\" data-e-type=\"container\">\n\t\t\t\t<div class=\"elementor-element elementor-element-5d6764c elementor-widget-divider--view-line elementor-widget elementor-widget-divider\" data-id=\"5d6764c\" data-element_type=\"widget\" data-e-type=\"widget\" data-widget_type=\"divider.default\">\n\t\t\t\t<div class=\"elementor-widget-container\">\n\t\t\t\t\t\t\t<div class=\"elementor-divider\">\n\t\t\t<span class=\"elementor-divider-separator\">\n\t\t\t\t\t\t<\/span>\n\t\t<\/div>\n\t\t\t\t\t\t<\/div>\n\t\t\t\t<\/div>\n\t\t\t\t<div class=\"elementor-element elementor-element-f9ce362 elementor-widget elementor-widget-heading\" data-id=\"f9ce362\" data-element_type=\"widget\" data-e-type=\"widget\" data-widget_type=\"heading.default\">\n\t\t\t\t<div class=\"elementor-widget-container\">\n\t\t\t\t\t<h2 class=\"elementor-heading-title elementor-size-default\">Impressum<\/h2>\t\t\t\t<\/div>\n\t\t\t\t<\/div>\n\t\t\t\t<\/div>\n\t\t\t\t\t<\/div>\n\t\t\t\t<\/div>\n\t\t<div class=\"elementor-element elementor-element-99ac309 e-flex e-con-boxed e-con e-parent\" data-id=\"99ac309\" data-element_type=\"container\" data-e-type=\"container\">\n\t\t\t\t\t<div class=\"e-con-inner\">\n\t\t\t\t<div class=\"elementor-element elementor-element-fd4adad elementor-widget elementor-widget-text-editor\" data-id=\"fd4adad\" data-element_type=\"widget\" data-e-type=\"widget\" data-widget_type=\"text-editor.default\">\n\t\t\t\t<div class=\"elementor-widget-container\">\n\t\t\t\t\t\t\t\t\t<p><strong style=\"font-family: inherit; font-size: inherit; font-style: inherit; font-variant-ligatures: inherit; font-variant-caps: inherit;\">Information und Offenlegung gem\u00e4\u00df \u00a7 5 Abs. 1 ECG, \u00a7 25 MedienG, \u00a7 63 GewO und \u00a7 14 UGB<\/strong><\/p><p><strong>Webseitbetreiber:<\/strong> embinova GmbH <br \/><strong>Firmenbuchnummer:<\/strong>\u00a0664927i<br \/><strong>Firmenbuchgericht:<\/strong> Landesgericht Feldkirch <br \/><strong>Unternehmensadresse:<\/strong> Raggal 77, 6741 Raggal <br \/><strong>UID- Nummer:<\/strong> ATU82639209<br \/><strong>Kammerzugeh\u00f6rigkeit:<\/strong> Mitglied der Wirtschaftskammer \u00d6sterreich (WKO)<\/p><p><strong>Kontaktinformationen:<\/strong> Telefon: <a href=\"tel:43 664 3965602\">+43 664 3965602<\/a> Email: <a href=\"mailto:office@embinova.at\">office@embinova.at<\/a><\/p><p><strong>Gewerbeordnung:<\/strong> www.ris.bka.gv.at<\/p><p><strong>EU-Streitschlichtung:<\/strong> Verbraucher mit Wohnsitz in \u00d6sterreich oder einem anderen Mitgliedstaat der ODR-Verordnung k\u00f6nnen die Online-Streitbeilegungsplattform f\u00fcr Anliegen im Zusammenhang mit entgeltlichen Online-K\u00e4ufen von Produkten oder Dienstleistungen nutzen (gem\u00e4\u00df OS, AStG). Die Europ\u00e4ische Kommission stellt diese Plattform unter folgender Adresse zur Verf\u00fcgung: <a href=\"https:\/\/ec.europa.eu\/consumers\/odr\">https:\/\/ec.europa.eu\/consumers\/odr<\/a><\/p><p><strong>Urheberrechtshinweis:<\/strong> Alle Inhalte dieser Website sind, soweit gesetzlich zul\u00e4ssig, durch verschiedene Schutzrechte (insbesondere das Urheberrecht) gesch\u00fctzt. Jede Nutzung oder Weitergabe der bereitgestellten Materialien, die nach dem Urheberrecht unzul\u00e4ssig ist, bedarf der schriftlichen Zustimmung des Websitebetreibers.<\/p><p><strong>Haftungsausschluss:<\/strong> Trotz sorgf\u00e4ltiger inhaltlicher Kontrolle \u00fcbernimmt der Betreiber dieser Website keine Haftung f\u00fcr die Inhalte verlinkter externer Seiten. F\u00fcr deren Inhalte sind ausschlie\u00dflich die jeweiligen Betreiber verantwortlich. Sollten Sie auf ausgehende Links sto\u00dfen, die auf Websites mit rechtswidrigen Aktivit\u00e4ten oder Informationen verweisen, bitten wir um entsprechende Mitteilung, damit wir diese gem\u00e4\u00df \u00a7 17 Abs. 2 ECG umgehend entfernen k\u00f6nnen. Der Betreiber dieser Website achtet mit gr\u00f6\u00dfter Sorgfalt auf die Urheberrechte Dritter. Sollten Sie dennoch eine Urheberrechtsverletzung feststellen, ersuchen wir ebenfalls um eine entsprechende Benachrichtigung. Bei Bekanntwerden solcher Rechtsverletzungen werden wir die betroffenen Inhalte unverz\u00fcglich entfernen.<\/p><p><strong>Weitere Online- Auftritte: <\/strong>Dieses Impressum gilt auch f\u00fcr:\u00a0<a style=\"font-variant-ligatures: inherit; font-variant-caps: inherit;\" href=\"https:\/\/www.linkedin.com\/company\/embinova\/\">https:\/\/www.linkedin.com\/company\/embinova\/<\/a><\/p>\t\t\t\t\t\t\t\t<\/div>\n\t\t\t\t<\/div>\n\t\t\t\t\t<\/div>\n\t\t\t\t<\/div>\n\t\t\t\t<\/div>","protected":false},"excerpt":{"rendered":"<p>Imprint Information and Disclosure pursuant to \u00a75 (1) ECG, \u00a7 25 MedienG, \u00a7 63 GewO and \u00a7 14 UGB Website Operator: embinova GmbH Company Registration Number:\u00a0664927iCompany Register Court: Regional Court Feldkirch Business Address: Raggal 77, 6741 Raggal VAT Number: ATU82639209Chamber Membership: Member of the Austrian Economic Chamber (WKO) Contact Information: Phone: +43 664 3965602 Email: [&hellip;]<\/p>\n","protected":false},"author":3,"featured_media":0,"parent":0,"menu_order":0,"comment_status":"closed","ping_status":"closed","template":"","meta":{"footnotes":""},"class_list":["post-793","page","type-page","status-publish","hentry"],"blocksy_meta":{"page_title_panel":"","has_hero_section":"disabled","e38715bb122191d12b00a4ff2f5acc0d":"","hero_section":"type-1","hero_elements":[{"id":"custom_title","enabled":true,"heading_tag":"h1","title":"Home"},{"id":"custom_description","enabled":true,"description_visibility":{"desktop":true,"tablet":true,"mobile":false}},{"id":"custom_meta","enabled":false,"meta_elements":[{"id":"author","enabled":true,"label":"By","has_author_avatar":"yes","avatar_size":25},{"id":"post_date","enabled":true,"label":"On","date_format_source":"default","date_format":"M j, Y"},{"id":"updated_date","enabled":false,"label":"On","date_format_source":"default","date_format":"M j, Y"},{"id":"categories","enabled":false,"label":"In","style":"simple"},{"id":"comments","enabled":true}],"page_meta_elements":{"joined":true,"articles_count":true,"comments":true}},{"id":"breadcrumbs","enabled":false}],"cdfdc69e127db85256160ecef73f61cf":"","hero_alignment1":"CT_CSS_SKIP_RULE","hero_margin":40,"hero_alignment2":"center","hero_vertical_alignment":"center","6fea0e66a2b5d6a4880c87191c0e3589":"","hero_structure":"narrow","caec56dac1f3124aba4f24b90c3f166d":"","page_title_bg_type":"featured_image","custom_hero_background":{"attachment_id":null},"page_title_image_size":"full","parallax":{"desktop":false,"tablet":false,"mobile":false},"07106ee7ed2e4852a96bbd1e7c3ca084":"","hero_height":"250px","pageTitleFont":{"family":"Default","variation":"Default","size":"30px","line-height":"CT_CSS_SKIP_RULE","letter-spacing":"CT_CSS_SKIP_RULE","text-transform":"CT_CSS_SKIP_RULE","text-decoration":"CT_CSS_SKIP_RULE"},"pageTitleFontColor":{"default":{"color":"CT_CSS_SKIP_RULEDEFAULT"}},"pageMetaFont":{"family":"Default","variation":"n6","size":"12px","line-height":"1.3","letter-spacing":"CT_CSS_SKIP_RULE","text-transform":"uppercase","text-decoration":"CT_CSS_SKIP_RULE"},"pageMetaFontColor":{"default":{"color":"CT_CSS_SKIP_RULEDEFAULT"},"hover":{"color":"CT_CSS_SKIP_RULEDEFAULT"}},"page_meta_button_type_font_colors":{"default":{"color":"CT_CSS_SKIP_RULEDEFAULT"},"hover":{"color":"CT_CSS_SKIP_RULEDEFAULT"}},"page_meta_button_type_background_colors":{"default":{"color":"CT_CSS_SKIP_RULEDEFAULT"},"hover":{"color":"CT_CSS_SKIP_RULEDEFAULT"}},"pageExcerptFont":{"family":"Default","variation":"Default","size":"CT_CSS_SKIP_RULE","line-height":"CT_CSS_SKIP_RULE","letter-spacing":"CT_CSS_SKIP_RULE","text-transform":"CT_CSS_SKIP_RULE","text-decoration":"CT_CSS_SKIP_RULE"},"pageExcerptColor":{"default":{"color":"CT_CSS_SKIP_RULEDEFAULT"}},"breadcrumbsFont":{"family":"Default","variation":"Default","size":"CT_CSS_SKIP_RULE","line-height":"CT_CSS_SKIP_RULE","letter-spacing":"CT_CSS_SKIP_RULE","text-transform":"CT_CSS_SKIP_RULE","text-decoration":"CT_CSS_SKIP_RULE"},"breadcrumbsFontColor":{"default":{"color":"CT_CSS_SKIP_RULEDEFAULT"},"initial":{"color":"CT_CSS_SKIP_RULEDEFAULT"},"hover":{"color":"CT_CSS_SKIP_RULEDEFAULT"}},"pageTitleOverlay":{"background_type":"color","background_pattern":"type-1","background_image":{"attachment_id":null,"x":0,"y":0},"gradient":"linear-gradient(135deg,rgba(6,147,227,1) 0%,rgb(155,81,224) 100%)","background_repeat":"repeat","background_size":"auto","background_attachment":"scroll","patternColor":{"default":{"color":"#e5e7ea"}},"overlayColor":{"default":{"color":"CT_CSS_SKIP_RULE"}},"backgroundColor":{"default":{"color":"CT_CSS_SKIP_RULE"}}},"pageTitleBackground":{"background_type":"color","background_pattern":"type-1","background_image":{"attachment_id":null,"x":0,"y":0},"gradient":"linear-gradient(135deg,rgba(6,147,227,1) 0%,rgb(155,81,224) 100%)","background_repeat":"repeat","background_size":"auto","background_attachment":"scroll","patternColor":{"default":{"color":"#e5e7ea"}},"overlayColor":{"default":{"color":"CT_CSS_SKIP_RULE"}},"backgroundColor":{"default":{"color":"var(--theme-palette-color-6)"}}},"pageTitlePadding":{"top":"50px","bottom":"50px","left":"auto","right":"auto","linked":true},"8731634cc32e95e0be09e75dbf703b3f":"","page_structure_type":"default","6ef7870ac163491031ebf652adea8358":"","content_style_source":"inherit","content_style":"wide","vertical_spacing_source":"custom","content_area_spacing":"none","background":{"background_type":"color","background_pattern":"type-1","background_image":{"attachment_id":null,"x":0,"y":0},"gradient":"linear-gradient(135deg,rgba(6,147,227,1) 0%,rgb(155,81,224) 100%)","background_repeat":"repeat","background_size":"auto","background_attachment":"scroll","patternColor":{"default":{"color":"#e5e7ea"}},"overlayColor":{"default":{"color":"CT_CSS_SKIP_RULE"}},"backgroundColor":{"default":{"color":"CT_CSS_SKIP_RULE"}}},"content_background":{"background_type":"color","background_pattern":"type-1","background_image":{"attachment_id":null,"x":0,"y":0},"gradient":"linear-gradient(135deg,rgba(6,147,227,1) 0%,rgb(155,81,224) 100%)","background_repeat":"repeat","background_size":"auto","background_attachment":"scroll","patternColor":{"default":{"color":"#e5e7ea"}},"overlayColor":{"default":{"color":"CT_CSS_SKIP_RULE"}},"backgroundColor":{"default":{"color":"var(--theme-palette-color-8)"}}},"content_boxed_shadow":{"inherit":false,"blur":18,"spread":-6,"v_offset":12,"h_offset":0,"inset":false,"enable":true,"color":{"color":"rgba(34, 56, 101, 0.04)"}},"content_boxed_border":{"width":1,"style":"none","color":{"color":"rgba(44,62,80,0.2)"}},"content_boxed_radius":{"top":"3px","bottom":"3px","left":"3px","right":"3px","linked":true},"boxed_content_spacing":{"desktop":{"top":"40px","bottom":"40px","left":"40px","right":"40px","linked":true},"tablet":{"top":"35px","bottom":"35px","left":"35px","right":"35px","linked":true},"mobile":{"top":"20px","bottom":"20px","left":"20px","right":"20px","linked":true}},"36b606f0b937718d397a640df4fa4b31":"","disable_featured_image":"no","disable_share_box":"no","disable_header":"no","disable_footer":"no","styles_descriptor":{"styles":{"desktop":"","tablet":"","mobile":""},"google_fonts":[],"version":6}},"yoast_head":"<!-- This site is optimized with the Yoast SEO plugin v27.3 - https:\/\/yoast.com\/product\/yoast-seo-wordpress\/ -->\n<title>Imprint | embinova<\/title>\n<meta name=\"robots\" content=\"index, follow, max-snippet:-1, max-image-preview:large, max-video-preview:-1\" \/>\n<link rel=\"canonical\" href=\"https:\/\/www.embinova.at\/at\/imprint\/\" \/>\n<meta property=\"og:locale\" content=\"de_DE\" \/>\n<meta property=\"og:type\" content=\"article\" \/>\n<meta property=\"og:title\" content=\"Imprint | embinova\" \/>\n<meta property=\"og:description\" content=\"Imprint Information and Disclosure pursuant to \u00a75 (1) ECG, \u00a7 25 MedienG, \u00a7 63 GewO and \u00a7 14 UGB Website Operator: embinova GmbH Company Registration Number:\u00a0664927iCompany Register Court: Regional Court Feldkirch Business Address: Raggal 77, 6741 Raggal VAT Number: ATU82639209Chamber Membership: Member of the Austrian Economic Chamber (WKO) Contact Information: Phone: +43 664 3965602 Email: [&hellip;]\" \/>\n<meta property=\"og:url\" content=\"https:\/\/www.embinova.at\/at\/imprint\/\" \/>\n<meta property=\"og:site_name\" content=\"embinova\" \/>\n<meta property=\"article:modified_time\" content=\"2025-12-18T13:36:43+00:00\" \/>\n<meta name=\"twitter:card\" content=\"summary_large_image\" \/>\n<meta name=\"twitter:label1\" content=\"Gesch\u00e4tzte Lesezeit\" \/>\n\t<meta name=\"twitter:data1\" content=\"2 Minuten\" \/>\n<script type=\"application\/ld+json\" class=\"yoast-schema-graph\">{\"@context\":\"https:\\\/\\\/schema.org\",\"@graph\":[{\"@type\":\"WebPage\",\"@id\":\"https:\\\/\\\/www.embinova.at\\\/imprint\\\/\",\"url\":\"https:\\\/\\\/www.embinova.at\\\/imprint\\\/\",\"name\":\"Imprint | embinova\",\"isPartOf\":{\"@id\":\"https:\\\/\\\/www.embinova.at\\\/#website\"},\"datePublished\":\"2022-07-28T07:00:37+00:00\",\"dateModified\":\"2025-12-18T13:36:43+00:00\",\"breadcrumb\":{\"@id\":\"https:\\\/\\\/www.embinova.at\\\/imprint\\\/#breadcrumb\"},\"inLanguage\":\"de-AT\",\"potentialAction\":[{\"@type\":\"ReadAction\",\"target\":[\"https:\\\/\\\/www.embinova.at\\\/imprint\\\/\"]}]},{\"@type\":\"BreadcrumbList\",\"@id\":\"https:\\\/\\\/www.embinova.at\\\/imprint\\\/#breadcrumb\",\"itemListElement\":[{\"@type\":\"ListItem\",\"position\":1,\"name\":\"Home\",\"item\":\"https:\\\/\\\/www.embinova.at\\\/\"},{\"@type\":\"ListItem\",\"position\":2,\"name\":\"Imprint\"}]},{\"@type\":\"WebSite\",\"@id\":\"https:\\\/\\\/www.embinova.at\\\/#website\",\"url\":\"https:\\\/\\\/www.embinova.at\\\/\",\"name\":\"embinova\",\"description\":\"Embedded Engineering\",\"publisher\":{\"@id\":\"https:\\\/\\\/www.embinova.at\\\/#organization\"},\"potentialAction\":[{\"@type\":\"SearchAction\",\"target\":{\"@type\":\"EntryPoint\",\"urlTemplate\":\"https:\\\/\\\/www.embinova.at\\\/?s={search_term_string}\"},\"query-input\":{\"@type\":\"PropertyValueSpecification\",\"valueRequired\":true,\"valueName\":\"search_term_string\"}}],\"inLanguage\":\"de-AT\"},{\"@type\":\"Organization\",\"@id\":\"https:\\\/\\\/www.embinova.at\\\/#organization\",\"name\":\"embinova GmbH\",\"url\":\"https:\\\/\\\/www.embinova.at\\\/\",\"logo\":{\"@type\":\"ImageObject\",\"inLanguage\":\"de-AT\",\"@id\":\"https:\\\/\\\/www.embinova.at\\\/#\\\/schema\\\/logo\\\/image\\\/\",\"url\":\"https:\\\/\\\/www.embinova.at\\\/wp-content\\\/uploads\\\/2025\\\/09\\\/Embinova-logo-1.png\",\"contentUrl\":\"https:\\\/\\\/www.embinova.at\\\/wp-content\\\/uploads\\\/2025\\\/09\\\/Embinova-logo-1.png\",\"width\":500,\"height\":112,\"caption\":\"embinova GmbH\"},\"image\":{\"@id\":\"https:\\\/\\\/www.embinova.at\\\/#\\\/schema\\\/logo\\\/image\\\/\"},\"sameAs\":[\"https:\\\/\\\/www.linkedin.com\\\/company\\\/embinova\\\/\"]}]}<\/script>\n<!-- \/ Yoast SEO plugin. -->","yoast_head_json":{"title":"Imprint | embinova","robots":{"index":"index","follow":"follow","max-snippet":"max-snippet:-1","max-image-preview":"max-image-preview:large","max-video-preview":"max-video-preview:-1"},"canonical":"https:\/\/www.embinova.at\/at\/imprint\/","og_locale":"de_DE","og_type":"article","og_title":"Imprint | embinova","og_description":"Imprint Information and Disclosure pursuant to \u00a75 (1) ECG, \u00a7 25 MedienG, \u00a7 63 GewO and \u00a7 14 UGB Website Operator: embinova GmbH Company Registration Number:\u00a0664927iCompany Register Court: Regional Court Feldkirch Business Address: Raggal 77, 6741 Raggal VAT Number: ATU82639209Chamber Membership: Member of the Austrian Economic Chamber (WKO) Contact Information: Phone: +43 664 3965602 Email: [&hellip;]","og_url":"https:\/\/www.embinova.at\/at\/imprint\/","og_site_name":"embinova","article_modified_time":"2025-12-18T13:36:43+00:00","twitter_card":"summary_large_image","twitter_misc":{"Gesch\u00e4tzte Lesezeit":"2 Minuten"},"schema":{"@context":"https:\/\/schema.org","@graph":[{"@type":"WebPage","@id":"https:\/\/www.embinova.at\/imprint\/","url":"https:\/\/www.embinova.at\/imprint\/","name":"Imprint | embinova","isPartOf":{"@id":"https:\/\/www.embinova.at\/#website"},"datePublished":"2022-07-28T07:00:37+00:00","dateModified":"2025-12-18T13:36:43+00:00","breadcrumb":{"@id":"https:\/\/www.embinova.at\/imprint\/#breadcrumb"},"inLanguage":"de-AT","potentialAction":[{"@type":"ReadAction","target":["https:\/\/www.embinova.at\/imprint\/"]}]},{"@type":"BreadcrumbList","@id":"https:\/\/www.embinova.at\/imprint\/#breadcrumb","itemListElement":[{"@type":"ListItem","position":1,"name":"Home","item":"https:\/\/www.embinova.at\/"},{"@type":"ListItem","position":2,"name":"Imprint"}]},{"@type":"WebSite","@id":"https:\/\/www.embinova.at\/#website","url":"https:\/\/www.embinova.at\/","name":"embinova","description":"Embedded Engineering","publisher":{"@id":"https:\/\/www.embinova.at\/#organization"},"potentialAction":[{"@type":"SearchAction","target":{"@type":"EntryPoint","urlTemplate":"https:\/\/www.embinova.at\/?s={search_term_string}"},"query-input":{"@type":"PropertyValueSpecification","valueRequired":true,"valueName":"search_term_string"}}],"inLanguage":"de-AT"},{"@type":"Organization","@id":"https:\/\/www.embinova.at\/#organization","name":"embinova GmbH","url":"https:\/\/www.embinova.at\/","logo":{"@type":"ImageObject","inLanguage":"de-AT","@id":"https:\/\/www.embinova.at\/#\/schema\/logo\/image\/","url":"https:\/\/www.embinova.at\/wp-content\/uploads\/2025\/09\/Embinova-logo-1.png","contentUrl":"https:\/\/www.embinova.at\/wp-content\/uploads\/2025\/09\/Embinova-logo-1.png","width":500,"height":112,"caption":"embinova GmbH"},"image":{"@id":"https:\/\/www.embinova.at\/#\/schema\/logo\/image\/"},"sameAs":["https:\/\/www.linkedin.com\/company\/embinova\/"]}]}},"_links":{"self":[{"href":"https:\/\/www.embinova.at\/at\/wp-json\/wp\/v2\/pages\/793","targetHints":{"allow":["GET"]}}],"collection":[{"href":"https:\/\/www.embinova.at\/at\/wp-json\/wp\/v2\/pages"}],"about":[{"href":"https:\/\/www.embinova.at\/at\/wp-json\/wp\/v2\/types\/page"}],"author":[{"embeddable":true,"href":"https:\/\/www.embinova.at\/at\/wp-json\/wp\/v2\/users\/3"}],"replies":[{"embeddable":true,"href":"https:\/\/www.embinova.at\/at\/wp-json\/wp\/v2\/comments?post=793"}],"version-history":[{"count":19,"href":"https:\/\/www.embinova.at\/at\/wp-json\/wp\/v2\/pages\/793\/revisions"}],"predecessor-version":[{"id":4785,"href":"https:\/\/www.embinova.at\/at\/wp-json\/wp\/v2\/pages\/793\/revisions\/4785"}],"wp:attachment":[{"href":"https:\/\/www.embinova.at\/at\/wp-json\/wp\/v2\/media?parent=793"}],"curies":[{"name":"wp","href":"https:\/\/api.w.org\/{rel}","templated":true}]}}